{"id":13,"date":"2023-07-29T15:06:35","date_gmt":"2023-07-29T08:06:35","guid":{"rendered":"https:\/\/baohanh.phaobachkhoa.com\/?page_id=13"},"modified":"2024-12-06T14:19:09","modified_gmt":"2024-12-06T07:19:09","slug":"bao-hanh-chinh-hang-phaobachkhoa-com","status":"publish","type":"page","link":"https:\/\/baohanh.phaobachkhoa.com\/","title":{"rendered":"B\u1ea3o H\u00e0nh Ch\u00ednh H\u00e3ng PhaoBachKhoa.com"},"content":{"rendered":"\n\t<section class=\"section\" id=\"section_1333503650\">\n\t\t<div class=\"section-bg fill\" >\n\t\t\t\t\t\t\t\t\t\n\t\t\t\n\n\t\t<\/div>\n\n\t\t\n\n\t\t<div class=\"section-content relative\">\n\t\t\t\n<div class=\"row\"  id=\"row-1060614684\">\n\n\t<div id=\"col-1531462491\" class=\"col small-12 large-12\"  >\n\t\t\t\t<div class=\"col-inner\"  >\n\t\t\t\n\t\t\t\n\n\t\t<div class=\"tabbed-content\">\n\t\t\t<h4 class=\"uppercase text-left\">KI\u00caM TRA B\u1ea2O H\u00c0NH<\/h4>\n\t\t\t<ul class=\"nav nav-tabs nav-uppercase nav-size-normal nav-left\" role=\"tablist\"><li id=\"tab-ki\u1ec3m-tra-b\u1ea3o-h\u00e0nh\" class=\"tab active has-icon\" role=\"presentation\"><a href=\"#tab_ki\u1ec3m-tra-b\u1ea3o-h\u00e0nh\" role=\"tab\" aria-selected=\"true\" aria-controls=\"tab_ki\u1ec3m-tra-b\u1ea3o-h\u00e0nh\"><span>ki\u1ec3m tra b\u1ea3o h\u00e0nh<\/span><\/a><\/li>\n<li id=\"tab-\u0110\u0102ng-k\u00dd-b\u1ea2o-h\u00c0nh\" class=\"tab has-icon\" role=\"presentation\"><a href=\"#tab_\u0110\u0102ng-k\u00dd-b\u1ea2o-h\u00c0nh\" tabindex=\"-1\" role=\"tab\" aria-selected=\"false\" aria-controls=\"tab_\u0110\u0102ng-k\u00dd-b\u1ea2o-h\u00c0nh\"><span>\u0110\u0102NG K\u00dd B\u1ea2O H\u00c0NH<\/span><\/a><\/li><\/ul><div class=\"tab-panels\"><div id=\"tab_ki\u1ec3m-tra-b\u1ea3o-h\u00e0nh\" class=\"panel active entry-content\" role=\"tabpanel\" aria-labelledby=\"tab-ki\u1ec3m-tra-b\u1ea3o-h\u00e0nh\">\n<p><em><strong>Qu\u00fd kh\u00e1ch mua h\u00e0ng t\u1ea1i <a href=\"https:\/\/phaobachkhoa.com\/\">Phaobachkhoa.com<\/a>. Vui l\u00f2ng nh\u1eadp s\u1ed1 \u0111i\u1ec7n tho\u1ea1i v\u00e0o \u00f4 b\u00ean d\u01b0\u1edbi \u0111\u1ec3 ki\u1ec3m tra th\u1eddi gian b\u1ea3o h\u00e0nh.<\/strong><\/em><\/p>\n<p><em>Ch\u00e2n th\u00e0nh c\u1ea3m \u01a1n,<\/em><\/p>\n\n            <div class=\"devvn_baohanh_wrap\">\r\n                <div class=\"devvn_baohanh_form\"><p><strong>Ki\u1ec3m tra h\u00e0ng ch\u00ednh h\u00e3ng & h\u1ea1n b\u1ea3o h\u00e0nh<\/strong><\/p>            <div class=\"devvn_baohanh_form_box\">\r\n                <form action=\"\" method=\"post\" class=\"form_devvn_baohanh\">\r\n                    <input name=\"devvn_masp\" id=\"devvn_masp\" value=\"\" placeholder=\"Nh\u1eadp m\u00e3 b\u1ea3o h\u00e0nh ho\u1eb7c s\u1ed1 \u0111i\u1ec7n tho\u1ea1i\"\/>\r\n                    <button type=\"submit\" class=\"devvn_masp_submit\">T\u00ecm ki\u1ebfm<\/button>\r\n                <\/form>\r\n            <\/div>\r\n            <\/div>\r\n                <div class=\"devvn_baohanh_loading\">\u0110ang t\u00ecm ki\u1ebfm...<\/div>\r\n                <div class=\"devvn_baohanh_result\">\r\n                                    <\/div>\r\n            <\/div>\r\n            \n\n<\/div>\n<div id=\"tab_\u0110\u0102ng-k\u00dd-b\u1ea2o-h\u00c0nh\" class=\"panel entry-content\" role=\"tabpanel\" aria-labelledby=\"tab-\u0110\u0102ng-k\u00dd-b\u1ea2o-h\u00c0nh\">\n<div class=\"row\"  id=\"row-79646082\">\n\n\t<div id=\"col-706594694\" class=\"col medium-3 small-12 large-3\"  >\n\t\t\t\t<div class=\"col-inner\"  >\n\t\t\t\n\t\t\t\n\t\t<\/div>\n\t\t\t\t\t<\/div>\n\n\t\n\n\t<div id=\"col-956160493\" class=\"col medium-6 small-12 large-6\"  >\n\t\t\t\t<div class=\"col-inner text-center\"  >\n\t\t\t\n\t\t\t\n<p>Qu\u00fd kh\u00e1ch vui l\u00f2ng \u0111\u1ec3 l\u1ea1i th\u00f4ng tin b\u00ean d\u01b0\u1edbi. Phao B\u00e1ch Khoa s\u1ebd c\u1eadp nh\u1eadt th\u00f4ng tin v\u00e0 g\u1eedi l\u1ea1i cho Qu\u00fd Kh\u00e1ch.<\/p>\n<p>Tr\u00e2n tr\u1ecdng,<\/p>\n\n<div class=\"wpcf7 no-js\" id=\"wpcf7-f218-o1\" lang=\"vi\" dir=\"ltr\" data-wpcf7-id=\"218\">\n<div class=\"screen-reader-response\"><p role=\"status\" aria-live=\"polite\" aria-atomic=\"true\"><\/p> <ul><\/ul><\/div>\n<form action=\"\/index.php\/wp-json\/wp\/v2\/pages\/13#wpcf7-f218-o1\" method=\"post\" class=\"wpcf7-form init\" aria-label=\"Form li\u00ean h\u1ec7\" novalidate=\"novalidate\" data-status=\"init\">\n<fieldset class=\"hidden-fields-container\"><input type=\"hidden\" name=\"_wpcf7\" value=\"218\" \/><input type=\"hidden\" name=\"_wpcf7_version\" value=\"6.1.4\" \/><input type=\"hidden\" name=\"_wpcf7_locale\" value=\"vi\" \/><input type=\"hidden\" name=\"_wpcf7_unit_tag\" value=\"wpcf7-f218-o1\" \/><input type=\"hidden\" name=\"_wpcf7_container_post\" value=\"0\" \/><input type=\"hidden\" name=\"_wpcf7_posted_data_hash\" value=\"\" \/>\n<\/fieldset>\n<p><span class=\"wpcf7-form-control-wrap\" data-name=\"text-193\"><input size=\"40\" maxlength=\"400\" class=\"wpcf7-form-control wpcf7-text wpcf7-validates-as-required\" aria-required=\"true\" aria-invalid=\"false\" placeholder=\"T\u00ean c\u1ee7a b\u1ea1n\" value=\"\" type=\"text\" name=\"text-193\" \/><\/span><br \/>\n<span class=\"wpcf7-form-control-wrap\" data-name=\"tel-451\"><input size=\"40\" maxlength=\"400\" class=\"wpcf7-form-control wpcf7-tel wpcf7-validates-as-required wpcf7-text wpcf7-validates-as-tel\" aria-required=\"true\" aria-invalid=\"false\" placeholder=\"S\u1ed1 \u0111i\u1ec7n tho\u1ea1i mua h\u00e0ng\" value=\"\" type=\"tel\" name=\"tel-451\" \/><\/span><br \/>\n<span class=\"wpcf7-form-control-wrap\" data-name=\"text-972\"><input size=\"40\" maxlength=\"400\" class=\"wpcf7-form-control wpcf7-text wpcf7-validates-as-required\" aria-required=\"true\" aria-invalid=\"false\" placeholder=\"Nh\u1eadp t\u00ean s\u1ea3n ph\u1ea9m \u0111\u00e3 mua\" value=\"\" type=\"text\" name=\"text-972\" \/><\/span><br \/>\n<span class=\"wpcf7-form-control-wrap\" data-name=\"text-611\"><input size=\"40\" maxlength=\"400\" class=\"wpcf7-form-control wpcf7-text wpcf7-validates-as-required\" aria-required=\"true\" aria-invalid=\"false\" placeholder=\"Th\u00f4ng tin \u0111\u1ecba ch\u1ec9\" value=\"\" type=\"text\" name=\"text-611\" \/><\/span><br \/>\n<span class=\"wpcf7-form-control-wrap\" data-name=\"date-575\"><input class=\"wpcf7-form-control wpcf7-date wpcf7-validates-as-required wpcf7-validates-as-date\" aria-required=\"true\" aria-invalid=\"false\" placeholder=\"Ng\u00e0y mua h\u00e0ng\" value=\"\" type=\"date\" name=\"date-575\" \/><\/span><br \/>\n<span class=\"wpcf7-form-control-wrap\" data-name=\"textarea-869\"><textarea cols=\"40\" rows=\"10\" maxlength=\"2000\" class=\"wpcf7-form-control wpcf7-textarea\" aria-invalid=\"false\" placeholder=\"Ch\u00fang t\u00f4i s\u1ebd g\u1eedi mail ho\u1eb7c g\u1eedi qua Zalo cho Qu\u00fd Kh\u00e1ch n\u1ebfu Qu\u00fd kh\u00e1ch \u0111\u1ec3 l\u1ea1i \u0111\u1ecba ch\u1ec9 mail \u1edf \u0111\u00e2y. Ho\u1eb7c s\u1ed1 \u0111i\u1ec7n tho\u1ea1i c\u00f3 \u0111\u0103ng k\u00fd Zalo\" name=\"textarea-869\"><\/textarea><\/span><br \/>\n<input class=\"wpcf7-form-control wpcf7-submit has-spinner\" type=\"submit\" value=\"\u0110\u0102NG K\u00dd B\u1ea2O H\u00c0NH\" \/>\n<\/p><div class=\"wpcf7-response-output\" aria-hidden=\"true\"><\/div>\n<\/form>\n<\/div>\n\n\t\t<\/div>\n\t\t\t\t\t<\/div>\n\n\t\n\n\t<div id=\"col-1143616754\" class=\"col medium-3 small-12 large-3\"  >\n\t\t\t\t<div class=\"col-inner\"  >\n\t\t\t\n\t\t\t\n\t\t<\/div>\n\t\t\t\t\t<\/div>\n\n\t\n<\/div>\n<\/div><\/div><\/div>\n\t\t<\/div>\n\t\t\t\t\t<\/div>\n\n\t\n<\/div>\n\t\t<\/div>\n\n\t\t\n<style>\n#section_1333503650 {\n  padding-top: 30px;\n  padding-bottom: 30px;\n}\n<\/style>\n\t<\/section>\n\t\n","protected":false},"excerpt":{"rendered":"","protected":false},"author":1,"featured_media":0,"parent":0,"menu_order":0,"comment_status":"closed","ping_status":"closed","template":"page-blank.php","meta":{"footnotes":""},"class_list":["post-13","page","type-page","status-publish","hentry"],"_links":{"self":[{"href":"https:\/\/baohanh.phaobachkhoa.com\/index.php\/wp-json\/wp\/v2\/pages\/13","targetHints":{"allow":["GET"]}}],"collection":[{"href":"https:\/\/baohanh.phaobachkhoa.com\/index.php\/wp-json\/wp\/v2\/pages"}],"about":[{"href":"https:\/\/baohanh.phaobachkhoa.com\/index.php\/wp-json\/wp\/v2\/types\/page"}],"author":[{"embeddable":true,"href":"https:\/\/baohanh.phaobachkhoa.com\/index.php\/wp-json\/wp\/v2\/users\/1"}],"replies":[{"embeddable":true,"href":"https:\/\/baohanh.phaobachkhoa.com\/index.php\/wp-json\/wp\/v2\/comments?post=13"}],"version-history":[{"count":9,"href":"https:\/\/baohanh.phaobachkhoa.com\/index.php\/wp-json\/wp\/v2\/pages\/13\/revisions"}],"predecessor-version":[{"id":1554,"href":"https:\/\/baohanh.phaobachkhoa.com\/index.php\/wp-json\/wp\/v2\/pages\/13\/revisions\/1554"}],"wp:attachment":[{"href":"https:\/\/baohanh.phaobachkhoa.com\/index.php\/wp-json\/wp\/v2\/media?parent=13"}],"curies":[{"name":"wp","href":"https:\/\/api.w.org\/{rel}","templated":true}]}}